{"id":164,"date":"2024-05-18T08:55:30","date_gmt":"2024-05-18T05:55:30","guid":{"rendered":"https:\/\/aktassigorta.net\/?page_id=164"},"modified":"2025-08-09T10:26:13","modified_gmt":"2025-08-09T07:26:13","slug":"kasko","status":"publish","type":"page","link":"https:\/\/aktassigorta.net\/en\/kasko\/","title":{"rendered":"Automobile Insurance (Kasko)"},"content":{"rendered":"<p>Automobile insurance is a type of insurance that insures vehicle owners and their vehicles against all kinds of risks they may encounter in traffic. These risks include damage resulting from traffic accidents, vehicle fire, theft or attempted theft, and personal damages.<\/p>\n\n\n\n<p>Automobile insurance offer; It is offered through a premium payment determined according to various parameters such as the value of your vehicle, its features and regional factors. In this way, customers are provided with the opportunity to create an insurance plan that is completely suitable and customized to them.<\/p>\n\n\n\n<h2 class=\"wp-block-heading\">Proposal Form<\/h2>\n\n\n\n<div class=\"wp-block-columns is-layout-flex wp-container-core-columns-is-layout-9d6595d7 wp-block-columns-is-layout-flex\">\n<div class=\"wp-block-column is-layout-flow wp-block-column-is-layout-flow\">\n<div class=\"wpcf7 no-js\" id=\"wpcf7-f166-o1\" lang=\"tr-TR\" dir=\"ltr\" data-wpcf7-id=\"166\">\n<div class=\"screen-reader-response\"><p role=\"status\" aria-live=\"polite\" aria-atomic=\"true\"><\/p> <ul><\/ul><\/div>\n<form action=\"\/en\/wp-json\/wp\/v2\/pages\/164#wpcf7-f166-o1\" method=\"post\" class=\"wpcf7-form init\" aria-label=\"\u0130leti\u015fim Formu\" novalidate=\"novalidate\" data-status=\"init\" data-trp-original-action=\"\/en\/wp-json\/wp\/v2\/pages\/164#wpcf7-f166-o1\">\n<fieldset class=\"hidden-fields-container\"><input type=\"hidden\" name=\"_wpcf7\" value=\"166\" \/><input type=\"hidden\" name=\"_wpcf7_version\" value=\"6.1.5\" \/><input type=\"hidden\" name=\"_wpcf7_locale\" value=\"tr_TR\" \/><input type=\"hidden\" name=\"_wpcf7_unit_tag\" value=\"wpcf7-f166-o1\" \/><input type=\"hidden\" name=\"_wpcf7_container_post\" value=\"0\" \/><input type=\"hidden\" name=\"_wpcf7_posted_data_hash\" value=\"\" \/>\n<\/fieldset>\n<p><label> Full Name<br \/>\n<span class=\"wpcf7-form-control-wrap\" data-name=\"your-name\"><input size=\"40\" maxlength=\"400\" class=\"wpcf7-form-control wpcf7-text wpcf7-validates-as-required\" autocomplete=\"name\" aria-required=\"true\" aria-invalid=\"false\" value=\"\" type=\"text\" name=\"your-name\" \/><\/span> <\/label>\n<\/p>\n<p><label> E-mail<br \/>\n<span class=\"wpcf7-form-control-wrap\" data-name=\"your-email\"><input size=\"40\" maxlength=\"400\" class=\"wpcf7-form-control wpcf7-email wpcf7-validates-as-required wpcf7-text wpcf7-validates-as-email\" autocomplete=\"email\" aria-required=\"true\" aria-invalid=\"false\" value=\"\" type=\"email\" name=\"your-email\" \/><\/span> <\/label>\n<\/p>\n<p><label> Phone<br \/>\n<span class=\"wpcf7-form-control-wrap\" data-name=\"your-phone\"><input size=\"40\" maxlength=\"400\" class=\"wpcf7-form-control wpcf7-tel wpcf7-text wpcf7-validates-as-tel\" aria-invalid=\"false\" value=\"\" type=\"tel\" name=\"your-phone\" \/><\/span> <\/label>\n<\/p>\n<p><label> Subject(s) for which you want to get a quote<br \/>\n<span class=\"wpcf7-form-control-wrap\" data-name=\"teklif-konulari\"><select class=\"wpcf7-form-control wpcf7-select wpcf7-validates-as-required\" aria-required=\"true\" aria-invalid=\"false\" multiple=\"multiple\" name=\"teklif-konulari[]\"><option value=\"Trafik Sigortas\u0131\">Traffic Insurance<\/option><option value=\"Kasko\">Automobile Insurance (Kasko)<\/option><option value=\"Dask\">Dask<\/option><option value=\"Bireysel Emeklilik\">Individual Pension<\/option><option value=\"Sa\u011fl\u0131k Sigortas\u0131\">Health Insurance<\/option><option value=\"Ferdi Kaza Sigortas\u0131\">Personal Accident Insurance<\/option><option value=\"Yang\u0131n Sigortas\u0131\">Fire Insurance<\/option><option value=\"Nakliyat Sigortas\u0131\">Transportation Insurance<\/option><\/select><\/span> <\/label>\n<\/p>\n<p><label> Your message (optional)<br \/>\n<span class=\"wpcf7-form-control-wrap\" data-name=\"your-message\"><textarea cols=\"40\" rows=\"10\" maxlength=\"2000\" class=\"wpcf7-form-control wpcf7-textarea\" aria-invalid=\"false\" name=\"your-message\"><\/textarea><\/span> <\/label>\n<\/p>\n<p><input class=\"wpcf7-form-control wpcf7-submit has-spinner\" type=\"submit\" value=\"Send\" \/>\n<\/p>\n<p>This form uses Akismet to block spam. <a target=\"_blank\" rel=\"nofollow noopener\" href=\"https:\/\/akismet.com\/privacy\/\">Learn how your data is processed.<\/a>\n<\/p><p style=\"display: none !important;\" class=\"akismet-fields-container\" data-prefix=\"_wpcf7_ak_\"><label>&#916;<textarea name=\"_wpcf7_ak_hp_textarea\" cols=\"45\" rows=\"8\" maxlength=\"100\"><\/textarea><\/label><input type=\"hidden\" id=\"ak_js_1\" name=\"_wpcf7_ak_js\" value=\"77\"\/><script>document.getElementById( \"ak_js_1\" ).setAttribute( \"value\", ( new Date() ).getTime() );<\/script><\/p><div class=\"wpcf7-response-output\" aria-hidden=\"true\"><\/div>\n<input type=\"hidden\" name=\"trp-form-language\" value=\"en\"\/><\/form>\n<\/div>\n\n<\/div>\n<\/div>","protected":false},"excerpt":{"rendered":"<p>Kasko sigortas\u0131, ara\u00e7 sahiplerini ve ara\u00e7lar\u0131n\u0131 trafikte kar\u015f\u0131la\u015fabilecekleri her t\u00fcrl\u00fc riske kar\u015f\u0131 g\u00fcvence alt\u0131na alan bir sigorta t\u00fcr\u00fcd\u00fcr. Bu riskler aras\u0131nda trafik kazalar\u0131 sonucu olu\u015fan hasarlar, arac\u0131n yanmas\u0131, \u00e7al\u0131nmas\u0131 veya \u00e7al\u0131nmaya te\u015febb\u00fcs edilmesi ve ferdi zararlar gibi durumlar yer al\u0131r. Kasko teklifi; arac\u0131n\u0131z\u0131n de\u011feri, \u00f6zellikleri ve b\u00f6lgesel fakt\u00f6rler gibi \u00e7e\u015fitli parametrelere g\u00f6re belirlenen bir prim [&hellip;]<\/p>\n","protected":false},"author":2,"featured_media":0,"parent":0,"menu_order":13,"comment_status":"closed","ping_status":"closed","template":"","meta":{"_joinchat":[],"footnotes":""},"class_list":["post-164","page","type-page","status-publish","hentry"],"jetpack_sharing_enabled":true,"jetpack_likes_enabled":true,"_links":{"self":[{"href":"https:\/\/aktassigorta.net\/en\/wp-json\/wp\/v2\/pages\/164","targetHints":{"allow":["GET"]}}],"collection":[{"href":"https:\/\/aktassigorta.net\/en\/wp-json\/wp\/v2\/pages"}],"about":[{"href":"https:\/\/aktassigorta.net\/en\/wp-json\/wp\/v2\/types\/page"}],"author":[{"embeddable":true,"href":"https:\/\/aktassigorta.net\/en\/wp-json\/wp\/v2\/users\/2"}],"replies":[{"embeddable":true,"href":"https:\/\/aktassigorta.net\/en\/wp-json\/wp\/v2\/comments?post=164"}],"version-history":[{"count":0,"href":"https:\/\/aktassigorta.net\/en\/wp-json\/wp\/v2\/pages\/164\/revisions"}],"wp:attachment":[{"href":"https:\/\/aktassigorta.net\/en\/wp-json\/wp\/v2\/media?parent=164"}],"curies":[{"name":"wp","href":"https:\/\/api.w.org\/{rel}","templated":true}]}}