{"id":4,"date":"2013-09-16T10:50:29","date_gmt":"2013-09-16T07:50:29","guid":{"rendered":"https:\/\/aktassigorta.net\/?page_id=4"},"modified":"2024-05-22T00:53:39","modified_gmt":"2024-05-21T21:53:39","slug":"hakkimizda","status":"publish","type":"page","link":"https:\/\/aktassigorta.net\/en\/hakkimizda\/","title":{"rendered":"About us"},"content":{"rendered":"<p>Alp \u00d6zg\u00fcr Akta\u015f started his Insurance Consultancy career at American Life Company in 1999. Apart from various T\u00fcrkiye Sales Championships, there are Regional Championships and awards. Since 2008, he has provided training within American Life Sigorta and brought new insurance consultants to the sector.<\/p>","protected":false},"excerpt":{"rendered":"<p>Alp \u00d6zg\u00fcr Akta\u015f started his Insurance Consultancy career at American Life Company in 1999. Apart from various T\u00fcrkiye Sales Championships, there are Regional Championships and awards. Since 2008, he has provided training within American Life Sigorta and brought new insurance consultants to the sector.<\/p>","protected":false},"author":2,"featured_media":0,"parent":0,"menu_order":1,"comment_status":"closed","ping_status":"closed","template":"","meta":{"_joinchat":[],"footnotes":""},"class_list":["post-4","page","type-page","status-publish","hentry"],"jetpack_sharing_enabled":true,"jetpack_likes_enabled":true,"_links":{"self":[{"href":"https:\/\/aktassigorta.net\/en\/wp-json\/wp\/v2\/pages\/4","targetHints":{"allow":["GET"]}}],"collection":[{"href":"https:\/\/aktassigorta.net\/en\/wp-json\/wp\/v2\/pages"}],"about":[{"href":"https:\/\/aktassigorta.net\/en\/wp-json\/wp\/v2\/types\/page"}],"author":[{"embeddable":true,"href":"https:\/\/aktassigorta.net\/en\/wp-json\/wp\/v2\/users\/2"}],"replies":[{"embeddable":true,"href":"https:\/\/aktassigorta.net\/en\/wp-json\/wp\/v2\/comments?post=4"}],"version-history":[{"count":0,"href":"https:\/\/aktassigorta.net\/en\/wp-json\/wp\/v2\/pages\/4\/revisions"}],"wp:attachment":[{"href":"https:\/\/aktassigorta.net\/en\/wp-json\/wp\/v2\/media?parent=4"}],"curies":[{"name":"wp","href":"https:\/\/api.w.org\/{rel}","templated":true}]}}