{"id":50,"date":"2013-10-24T22:23:23","date_gmt":"2013-10-24T19:23:23","guid":{"rendered":"https:\/\/aktassigorta.net\/?page_id=50"},"modified":"2021-04-25T16:00:21","modified_gmt":"2021-04-25T13:00:21","slug":"hayat-sigortalari","status":"publish","type":"page","link":"https:\/\/aktassigorta.net\/en\/hayat-sigortalari\/","title":{"rendered":"Life Insurance"},"content":{"rendered":"<p>With our life insurance products, you can save for your future, be prepared for life's bad surprises and help your loved ones maintain their standard of living even if you cannot be with them.<\/p>\n<p>If you want to look to the future with confidence, call us for our life insurance products designed to suit your different needs.<\/p>","protected":false},"excerpt":{"rendered":"<p>Hayat sigortas\u0131 \u00fcr\u00fcnlerimiz ile gelece\u011finiz i\u00e7in birikim yapabilir, hayat\u0131n k\u00f6t\u00fc s\u00fcrprizlerine kar\u015f\u0131 haz\u0131rl\u0131kl\u0131 olarak siz yanlar\u0131nda olamasan\u0131z da sevdiklerinizin hayat standard\u0131n\u0131 korumalar\u0131na yard\u0131mc\u0131 olabilirsiniz. Siz de gelece\u011fe g\u00fcvenle bakmak istiyorsan\u0131z farkl\u0131 ihtiya\u00e7lar\u0131n\u0131za uygun olarak tasarlanm\u0131\u015f hayat sigortas\u0131 \u00fcr\u00fcnlerimiz icin bizi arayin.<\/p>","protected":false},"author":2,"featured_media":0,"parent":0,"menu_order":14,"comment_status":"open","ping_status":"closed","template":"","meta":{"_joinchat":[],"footnotes":""},"class_list":["post-50","page","type-page","status-publish","hentry"],"jetpack_sharing_enabled":true,"jetpack_likes_enabled":true,"_links":{"self":[{"href":"https:\/\/aktassigorta.net\/en\/wp-json\/wp\/v2\/pages\/50","targetHints":{"allow":["GET"]}}],"collection":[{"href":"https:\/\/aktassigorta.net\/en\/wp-json\/wp\/v2\/pages"}],"about":[{"href":"https:\/\/aktassigorta.net\/en\/wp-json\/wp\/v2\/types\/page"}],"author":[{"embeddable":true,"href":"https:\/\/aktassigorta.net\/en\/wp-json\/wp\/v2\/users\/2"}],"replies":[{"embeddable":true,"href":"https:\/\/aktassigorta.net\/en\/wp-json\/wp\/v2\/comments?post=50"}],"version-history":[{"count":0,"href":"https:\/\/aktassigorta.net\/en\/wp-json\/wp\/v2\/pages\/50\/revisions"}],"wp:attachment":[{"href":"https:\/\/aktassigorta.net\/en\/wp-json\/wp\/v2\/media?parent=50"}],"curies":[{"name":"wp","href":"https:\/\/api.w.org\/{rel}","templated":true}]}}