{"id":51,"date":"2013-10-24T22:24:39","date_gmt":"2013-10-24T19:24:39","guid":{"rendered":"https:\/\/aktassigorta.net\/?page_id=51"},"modified":"2021-04-25T16:00:28","modified_gmt":"2021-04-25T13:00:28","slug":"seyahat-sigortalari","status":"publish","type":"page","link":"https:\/\/aktassigorta.net\/en\/seyahat-sigortalari\/","title":{"rendered":"Travel Insurance"},"content":{"rendered":"<p class=\"translation-block\"><b>International Travel Insurance:<\/b>Destination to travel in International Travel Insurance; When European countries are selected, it covers all European countries, including the countries within the scope of the Schengen Agreement. When World countries are selected, it covers all world countries, including European countries.<\/p>\n<p class=\"translation-block\"><b>Overseas Education Insurance<\/b>: Provided with Overseas Education\u00a0<a href=\"http:\/\/www.anadolusigorta.com.tr\/\" target=\"_blank\" rel=\"noopener\">Insurance<\/a> All of the coverages are valid in Europe except Turkey or all over the world except Turkey, if the events occur during the educational travel that led to the purchase of the policy.<\/p>","protected":false},"excerpt":{"rendered":"<p>Yurtdisi Seyahat Sigortasi:\u00a0Yurtd\u0131\u015f\u0131 Seyahat Sigortas\u0131nda seyahat edilecek yer; Avrupa \u00fclkeleri se\u00e7ildi\u011finde Schengen Anla\u015fmas\u0131 kapsam\u0131ndaki \u00fclkeler de dahil olmak \u00fczere t\u00fcm Avrupa \u00fclkelerini,\u00a0D\u00fcnya \u00fclkeleri se\u00e7ildi\u011finde Avrupa \u00fclkeleri de dahil olmak \u00fczere t\u00fcm d\u00fcnya \u00fclkelerini kapsamaktad\u0131r. Yurtdisi Egitim Sigortasi: Yurtd\u0131\u015f\u0131 E\u011fitim\u00a0Sigortas\u0131 ile sa\u011flanan teminatlar\u0131n tamam\u0131, olaylar\u0131n poli\u00e7enin sat\u0131n al\u0131nmas\u0131na sebep olan \u00f6\u011frenim amac\u0131yla yap\u0131lan seyahat s\u0131ras\u0131nda\u00a0meydana gelmesi [&hellip;]<\/p>\n","protected":false},"author":2,"featured_media":0,"parent":0,"menu_order":15,"comment_status":"open","ping_status":"closed","template":"","meta":{"_joinchat":[],"footnotes":""},"class_list":["post-51","page","type-page","status-publish","hentry"],"jetpack_sharing_enabled":true,"jetpack_likes_enabled":true,"_links":{"self":[{"href":"https:\/\/aktassigorta.net\/en\/wp-json\/wp\/v2\/pages\/51","targetHints":{"allow":["GET"]}}],"collection":[{"href":"https:\/\/aktassigorta.net\/en\/wp-json\/wp\/v2\/pages"}],"about":[{"href":"https:\/\/aktassigorta.net\/en\/wp-json\/wp\/v2\/types\/page"}],"author":[{"embeddable":true,"href":"https:\/\/aktassigorta.net\/en\/wp-json\/wp\/v2\/users\/2"}],"replies":[{"embeddable":true,"href":"https:\/\/aktassigorta.net\/en\/wp-json\/wp\/v2\/comments?post=51"}],"version-history":[{"count":0,"href":"https:\/\/aktassigorta.net\/en\/wp-json\/wp\/v2\/pages\/51\/revisions"}],"wp:attachment":[{"href":"https:\/\/aktassigorta.net\/en\/wp-json\/wp\/v2\/media?parent=51"}],"curies":[{"name":"wp","href":"https:\/\/api.w.org\/{rel}","templated":true}]}}