{"id":52,"date":"2013-10-24T22:25:10","date_gmt":"2013-10-24T19:25:10","guid":{"rendered":"https:\/\/aktassigorta.net\/?page_id=52"},"modified":"2021-04-25T16:01:18","modified_gmt":"2021-04-25T13:01:18","slug":"sorumluluk-sigortalari","status":"publish","type":"page","link":"https:\/\/aktassigorta.net\/en\/sorumluluk-sigortalari\/","title":{"rendered":"Liability Insurance"},"content":{"rendered":"<p>Compulsory Liability Insurances: Compulsory liability insurances required by law<\/p>\n<p>Maritime Passenger Transportation Compulsory Liability Insurance<\/p>\n<p>It secures the physical and financial losses of passengers traveling in the sea vehicle as a result of an accident that may occur from the departure point to the destination.<\/p>\n<p>Hazardous Substances and Hazardous Waste Compulsory Liability Insurance<\/p>\n<p>Gas Cylinder Compulsory Liability Insurance<\/p>\n<p>Coastal Facilities Marine Pollution Compulsory Liability Insurance<\/p>\n<p>Private Security Compulsory Financial Liability Insurance<\/p>\n<p>Compulsory Liability Insurance for Medical Malpractice<\/p>\n<p>Optional Liability Insurances<\/p>\n<p>Supplementary Physician Liability Insurance<\/p>\n<p>Professional Liability Insurance<\/p>\n<p>Employers' Liability Insurance<\/p>\n<p>Liability Insurance Against Third Parties<\/p>\n<p>Business and Product Liability Insurance<\/p>\n<p>Liability Insurance Against Third Parties in Elevator Accidents<\/p>","protected":false},"excerpt":{"rendered":"<p>Zorunlu Sorumluluk Sigortalar\u0131: Kanunen zorunlu tutulan zorunlu sorumluluk sigortalar\u0131 Denizyolu Yolcu Ta\u015f\u0131mac\u0131l\u0131\u011f\u0131 Zorunlu Mali Sorumluluk Sigortas\u0131 Deniz arac\u0131nda, kalk\u0131\u015f noktas\u0131ndan var\u0131\u015f noktas\u0131na kadar kar\u015f\u0131la\u015fabilecek bir kaza sonucunda seyahat eden yolcular\u0131n bedeni ve maddi kay\u0131plar\u0131n\u0131 g\u00fcvence alt\u0131na al\u0131r. Tehlikeli Maddeler ve Tehlikeli At\u0131k Zorunlu Mali Sorumluluk Sigortas\u0131 T\u00fcpgaz Zorunlu Sorumluluk Sigortas\u0131 K\u0131y\u0131 Tesisleri Deniz Kirlili\u011fi Zorunlu [&hellip;]<\/p>\n","protected":false},"author":2,"featured_media":0,"parent":0,"menu_order":16,"comment_status":"open","ping_status":"closed","template":"","meta":{"_joinchat":[],"footnotes":""},"class_list":["post-52","page","type-page","status-publish","hentry"],"jetpack_sharing_enabled":true,"jetpack_likes_enabled":true,"_links":{"self":[{"href":"https:\/\/aktassigorta.net\/en\/wp-json\/wp\/v2\/pages\/52","targetHints":{"allow":["GET"]}}],"collection":[{"href":"https:\/\/aktassigorta.net\/en\/wp-json\/wp\/v2\/pages"}],"about":[{"href":"https:\/\/aktassigorta.net\/en\/wp-json\/wp\/v2\/types\/page"}],"author":[{"embeddable":true,"href":"https:\/\/aktassigorta.net\/en\/wp-json\/wp\/v2\/users\/2"}],"replies":[{"embeddable":true,"href":"https:\/\/aktassigorta.net\/en\/wp-json\/wp\/v2\/comments?post=52"}],"version-history":[{"count":0,"href":"https:\/\/aktassigorta.net\/en\/wp-json\/wp\/v2\/pages\/52\/revisions"}],"wp:attachment":[{"href":"https:\/\/aktassigorta.net\/en\/wp-json\/wp\/v2\/media?parent=52"}],"curies":[{"name":"wp","href":"https:\/\/api.w.org\/{rel}","templated":true}]}}