{"id":6,"date":"2013-09-16T10:51:37","date_gmt":"2013-09-16T07:51:37","guid":{"rendered":"https:\/\/aktassigorta.net\/?page_id=6"},"modified":"2024-05-18T11:22:38","modified_gmt":"2024-05-18T08:22:38","slug":"bireysel-emeklilik","status":"publish","type":"page","link":"https:\/\/aktassigorta.net\/en\/bireysel-emeklilik\/","title":{"rendered":"Individual Pension"},"content":{"rendered":"<div class=\"wp-block-columns is-layout-flex wp-container-core-columns-is-layout-9d6595d7 wp-block-columns-is-layout-flex\">\n<div class=\"wp-block-column is-layout-flow wp-block-column-is-layout-flow\" style=\"flex-basis:60%\">\n<p>Individual pension system is a savings and investment system that helps you maintain your standard of living during your working period by making regular savings.<\/p>\n\n\n\n<p>You can take action for your future today and review the plans we have created to suit your needs.<\/p>\n\n\n\n<p><strong>*What is Individual Pension?<\/strong><\/p>\n\n\n\n<p>The individual pension system is a savings and investment system supported by state subsidies that provides people with the opportunity to make regular savings in order to maintain their standard of living during their retirement period.<\/p>\n\n\n\n<p><strong>*Is this retirement system safe?<\/strong><\/p>\n\n\n\n<p>The control mechanism in the individual pension system is extremely robust and secure.<\/p>\n\n\n\n<p>Activities of pension companies are audited by the Turkish Undersecretariat of Treasury. While companies are required to have an independent external audit at least once a year, the accounts and transactions of the funds are subject to independent external audit on a quarterly basis. The daily activities of the companies are monitored electronically by the Pension Monitoring Center (EGM). Participants' individual retirement accounts are kept at Takasbank, regardless of the financial structure of the pension companies. In case the pension companies go bankrupt, the participant can continue to remain in the system by transferring the savings stored in Takasbank to another pension company. Fund assets cannot be pledged, cannot be given as collateral except for transactions related to the portfolio, cannot be seized by third parties and cannot be included in the bankruptcy estate. The activities of funds and portfolio managers are audited by the Capital Markets Board at least once a year.<\/p>\n\n\n\n<p><strong>*How much salary will I receive when I retire?<\/strong><\/p>\n\n\n\n<p>The retirement savings you will obtain and the salary you will receive will vary depending on your age when you enter the system, the amount of contribution you pay, and the returns of your funds. Pension companies, provide estimated retirement savings and salary predictions based on projection calculations created according to the conditions and plan features determined by the Turkish Undersecretariat of Treasury.<\/p>\n\n\n\n<p><strong>*How can I access my account?<\/strong><\/p>\n\n\n\n<p>You can access your account by logging into the encrypted areas created for you on the pension companies' websites; You can follow the status of your savings, fund returns, payment periods and perform transactions related to your account. Since your individual retirement accounts are held at Takasbank, it is also possible to monitor your fund shares on a daily basis with the Takasbank password you will be given.<\/p>\n\n\n\n<p><strong>*What is the State Contribution and what are its rates?<\/strong><\/p>\n\n\n\n<p>It is the amount paid by the government to your private pension account in return for the contributions you have deposited into the private pension system, at a certain rate of these contributions. The state contribution is paid at the rate of 25% of all contributions you make regularly or lump sum. For instance; If you pay \u20ba100 per month, \u20ba25 will be paid to your name every month, and if you pay \u20ba800, \u20ba200 will be paid to your name.<\/p>\n\n\n\n<p><strong>*When did the state contribution start?<\/strong><\/p>\n\n\n\n<p>State contribution is paid for the contributions you deposit as of 01.01.2013.<\/p>\n\n\n\n<p><strong>*Is state contribution paid for everyone?<\/strong><\/p>\n\n\n\n<p>Citizens of the Republic of Turkey who pay contributions within the scope of an individual or group private pension contract, regardless of whether they are taxpayers or not, regardless of their profession, and citizens of the Republic of Turkey, who are citizens of the Republic of Turkey and who have obtained permission to leave, in accordance with Article 28 of the Turkish Citizenship Law No. 5901 dated 29.05.2009. State contribution is paid for contributions deposited by or on behalf of those who have lost their citizenship and their descendants.<\/p>\n\n\n\n<p><strong>*When will I be entitled to State Contribution?<\/strong><\/p>\n\n\n\n<p>The duration conditions are stated in the table below.<\/p>\n\n\n\n<div>\n<table border=\"0\" width=\"100%\" cellspacing=\"2\" cellpadding=\"5\">\n<tbody>\n<tr>\n<td align=\"left\">The time you were in the system after 01.01.2013<\/td>\n<td align=\"center\">The entitled rate of the amount in the state contribution account<\/td>\n<\/tr>\n<tr>\n<td align=\"left\">Less than 3 years<\/td>\n<td align=\"center\">%0<\/td>\n<\/tr>\n<tr>\n<td align=\"left\">3&lt;=Duration&lt;6 years<\/td>\n<td align=\"center\">%15<\/td>\n<\/tr>\n<tr>\n<td align=\"left\">6&lt;=Duration&lt;10 years<\/td>\n<td align=\"center\">%35<\/td>\n<\/tr>\n<tr>\n<td align=\"left\">10 years or more (before age 56)<\/td>\n<td align=\"center\">%60<\/td>\n<\/tr>\n<tr>\n<td align=\"left\" class=\"translation-block\">Retirement (staying in the system for 10 years or more and reaching the age of 56), loss of life or disability<\/td>\n<td align=\"center\">%100<\/td>\n<\/tr>\n<\/tbody>\n<\/table>\n<\/div>\n<\/div>\n\n\n\n<div class=\"wp-block-column is-layout-flow wp-block-column-is-layout-flow\" style=\"flex-basis:40%\">\n<div class=\"wpcf7 no-js\" id=\"wpcf7-f166-o1\" lang=\"tr-TR\" dir=\"ltr\" data-wpcf7-id=\"166\">\n<div class=\"screen-reader-response\"><p role=\"status\" aria-live=\"polite\" aria-atomic=\"true\"><\/p> <ul><\/ul><\/div>\n<form action=\"\/en\/wp-json\/wp\/v2\/pages\/6#wpcf7-f166-o1\" method=\"post\" class=\"wpcf7-form init\" aria-label=\"\u0130leti\u015fim Formu\" novalidate=\"novalidate\" data-status=\"init\" data-trp-original-action=\"\/en\/wp-json\/wp\/v2\/pages\/6#wpcf7-f166-o1\">\n<fieldset class=\"hidden-fields-container\"><input type=\"hidden\" name=\"_wpcf7\" value=\"166\" \/><input type=\"hidden\" name=\"_wpcf7_version\" value=\"6.1.5\" \/><input type=\"hidden\" name=\"_wpcf7_locale\" value=\"tr_TR\" \/><input type=\"hidden\" name=\"_wpcf7_unit_tag\" value=\"wpcf7-f166-o1\" \/><input type=\"hidden\" name=\"_wpcf7_container_post\" value=\"0\" \/><input type=\"hidden\" name=\"_wpcf7_posted_data_hash\" value=\"\" \/>\n<\/fieldset>\n<p><label> Full Name<br \/>\n<span class=\"wpcf7-form-control-wrap\" data-name=\"your-name\"><input size=\"40\" maxlength=\"400\" class=\"wpcf7-form-control wpcf7-text wpcf7-validates-as-required\" autocomplete=\"name\" aria-required=\"true\" aria-invalid=\"false\" value=\"\" type=\"text\" name=\"your-name\" \/><\/span> <\/label>\n<\/p>\n<p><label> E-mail<br \/>\n<span class=\"wpcf7-form-control-wrap\" data-name=\"your-email\"><input size=\"40\" maxlength=\"400\" class=\"wpcf7-form-control wpcf7-email wpcf7-validates-as-required wpcf7-text wpcf7-validates-as-email\" autocomplete=\"email\" aria-required=\"true\" aria-invalid=\"false\" value=\"\" type=\"email\" name=\"your-email\" \/><\/span> <\/label>\n<\/p>\n<p><label> Phone<br \/>\n<span class=\"wpcf7-form-control-wrap\" data-name=\"your-phone\"><input size=\"40\" maxlength=\"400\" class=\"wpcf7-form-control wpcf7-tel wpcf7-text wpcf7-validates-as-tel\" aria-invalid=\"false\" value=\"\" type=\"tel\" name=\"your-phone\" \/><\/span> <\/label>\n<\/p>\n<p><label> Subject(s) for which you want to get a quote<br \/>\n<span class=\"wpcf7-form-control-wrap\" data-name=\"teklif-konulari\"><select class=\"wpcf7-form-control wpcf7-select wpcf7-validates-as-required\" aria-required=\"true\" aria-invalid=\"false\" multiple=\"multiple\" name=\"teklif-konulari[]\"><option value=\"Trafik Sigortas\u0131\">Traffic Insurance<\/option><option value=\"Kasko\">Automobile Insurance (Kasko)<\/option><option value=\"Dask\">Dask<\/option><option value=\"Bireysel Emeklilik\">Individual Pension<\/option><option value=\"Sa\u011fl\u0131k Sigortas\u0131\">Health Insurance<\/option><option value=\"Ferdi Kaza Sigortas\u0131\">Personal Accident Insurance<\/option><option value=\"Yang\u0131n Sigortas\u0131\">Fire Insurance<\/option><option value=\"Nakliyat Sigortas\u0131\">Transportation Insurance<\/option><\/select><\/span> <\/label>\n<\/p>\n<p><label> Your message (optional)<br \/>\n<span class=\"wpcf7-form-control-wrap\" data-name=\"your-message\"><textarea cols=\"40\" rows=\"10\" maxlength=\"2000\" class=\"wpcf7-form-control wpcf7-textarea\" aria-invalid=\"false\" name=\"your-message\"><\/textarea><\/span> <\/label>\n<\/p>\n<p><input class=\"wpcf7-form-control wpcf7-submit has-spinner\" type=\"submit\" value=\"Send\" \/>\n<\/p>\n<p>This form uses Akismet to block spam. <a target=\"_blank\" rel=\"nofollow noopener\" href=\"https:\/\/akismet.com\/privacy\/\">Learn how your data is processed.<\/a>\n<\/p><p style=\"display: none !important;\" class=\"akismet-fields-container\" data-prefix=\"_wpcf7_ak_\"><label>&#916;<textarea name=\"_wpcf7_ak_hp_textarea\" cols=\"45\" rows=\"8\" maxlength=\"100\"><\/textarea><\/label><input type=\"hidden\" id=\"ak_js_1\" name=\"_wpcf7_ak_js\" value=\"53\"\/><script>document.getElementById( \"ak_js_1\" ).setAttribute( \"value\", ( new Date() ).getTime() );<\/script><\/p><div class=\"wpcf7-response-output\" aria-hidden=\"true\"><\/div>\n<input type=\"hidden\" name=\"trp-form-language\" value=\"en\"\/><\/form>\n<\/div>\n\n<\/div>\n<\/div>","protected":false},"excerpt":{"rendered":"<p>Bireysel emeklilik sistemi, d\u00fczenli birikim yaparak \u00e7al\u0131\u015fma d\u00f6neminizdeki hayat standard\u0131n\u0131z\u0131 emeklilik d\u00f6neminizde de s\u00fcrd\u00fcrebilmenizi sa\u011flamaya yard\u0131mc\u0131 bir tasarruf ve yat\u0131r\u0131m sistemidir. Siz de gelece\u011finiz i\u00e7in bug\u00fcnden harekete ge\u00e7erek ihtiya\u00e7lar\u0131n\u0131za uygun olarak olu\u015fturdu\u011fumuz planlar\u0131m\u0131z\u0131 inceleyebilirsiniz. *Bireysel Emeklilik nedir? Bireysel emeklilik sistemi, ki\u015filerin \u00e7al\u0131\u015ft\u0131klar\u0131 d\u00f6nemdeki hayat standartlar\u0131n\u0131 emeklilik d\u00f6nemlerinde de devam ettirmeleri i\u00e7in bug\u00fcnden d\u00fczenli birikim yapma [&hellip;]<\/p>\n","protected":false},"author":2,"featured_media":0,"parent":0,"menu_order":11,"comment_status":"closed","ping_status":"closed","template":"","meta":{"_joinchat":[],"footnotes":""},"class_list":["post-6","page","type-page","status-publish","hentry"],"jetpack_sharing_enabled":true,"jetpack_likes_enabled":true,"_links":{"self":[{"href":"https:\/\/aktassigorta.net\/en\/wp-json\/wp\/v2\/pages\/6","targetHints":{"allow":["GET"]}}],"collection":[{"href":"https:\/\/aktassigorta.net\/en\/wp-json\/wp\/v2\/pages"}],"about":[{"href":"https:\/\/aktassigorta.net\/en\/wp-json\/wp\/v2\/types\/page"}],"author":[{"embeddable":true,"href":"https:\/\/aktassigorta.net\/en\/wp-json\/wp\/v2\/users\/2"}],"replies":[{"embeddable":true,"href":"https:\/\/aktassigorta.net\/en\/wp-json\/wp\/v2\/comments?post=6"}],"version-history":[{"count":0,"href":"https:\/\/aktassigorta.net\/en\/wp-json\/wp\/v2\/pages\/6\/revisions"}],"wp:attachment":[{"href":"https:\/\/aktassigorta.net\/en\/wp-json\/wp\/v2\/media?parent=6"}],"curies":[{"name":"wp","href":"https:\/\/api.w.org\/{rel}","templated":true}]}}