{"id":7,"date":"2013-09-16T10:52:37","date_gmt":"2013-09-16T07:52:37","guid":{"rendered":"https:\/\/aktassigorta.net\/?page_id=7"},"modified":"2021-04-25T15:59:15","modified_gmt":"2021-04-25T12:59:15","slug":"saglik-sigortasi","status":"publish","type":"page","link":"https:\/\/aktassigorta.net\/en\/saglik-sigortasi\/","title":{"rendered":"Health Insurance"},"content":{"rendered":"<p>Expenses arising from inpatient or non-inpatient interventions as a result of any accident or illness experienced by the insured are covered not only in the country but also wherever they are in the world. With corporate health insurance packages, we are always there for your employees with low costs and high quality, in addition to the health insurance tax advantage provided.<\/p>\n<p><strong>Benefits of Health Insurance<br \/>\n<\/strong>Freedom for insured people to choose the doctor or health institution they want.<\/p>\n<p>It covers the costs of outpatient or inpatient diagnosis and treatment of insured persons as a result of any accident or illness during the insurance year, only within the country or wherever they are in the world, depending on the product they choose. If the insured gets sick, it covers the high expenses related to the treatments they receive in private health institutions, and becomes the biggest help to the insured people in their most difficult moments.<\/p>\n<p><strong>Individual Health Insurance<\/strong><br \/>\nThis insurance covers up to 100% of your health expenses that may arise as a result of an accident or illness. With the rich options offered within the scope of Individual Health Insurance, you can ensure the health of your family, yourself and your loved ones with the most suitable health insurance policy.<\/p>\n<p><strong>Corporate Health Insurance<\/strong><br \/>\nCorporate Health Insurance has been developed for your company's employees and family members in accordance with your budget. Within the general conditions of corporate health insurance, you can receive service from any doctor and health condition you wish, both at home and abroad.<\/p>\n<p><strong>Anadolu Sigorta - Breath Health Insurance<br \/>\n<\/strong>This product provides assurance against sudden and unexpected situations without shaking your budget. Moreover, it gives you the freedom to choose the institution you want, regardless of contracted or non-contracted institutions.<\/p>\n<p>It covers the expenses of first intervention, first observation, internal hospitalization and surgery in case of going to a health institution in cases that occur due to one of the emergency situations specified in the policy and a maximum of 12 hours have passed between its occurrence and the application for treatment, within the scope of the guarantees in the policy.<\/p>\n<ul>\n<li>People between the ages of 0-64 are covered by insurance.<\/li>\n<li>It is only valid within the country (within the borders of the Turkish Republic and the TRNC).<\/li>\n<li>Expenses related to acute crises of congenital disorders that are not known to exist are paid within the scope of this product.<\/li>\n<li>An 8-day International Travel Insurance policy covering all countries of the world is given free of charge, to be used once within the policy period.<\/li>\n<li>There is no limit \/ day limitation in intensive care coverage.<\/li>\n<li>The policy is issued on an annual basis.<\/li>\n<\/ul>\n<p>Emergency Situations List<\/p>\n<ol>\n<li>Any Situation That Causes Loss of Consciousness<\/li>\n<li>\u00a0Poisonings<\/li>\n<li>Traffic Accident<\/li>\n<li>Headaches and Vomiting Associated with Loss of Consciousness<\/li>\n<li>Acute Respiratory Problems<\/li>\n<li>High Fever (39.5 \u00b0C and above)<\/li>\n<li>Severe Allergy, Anaphylactic Tables<\/li>\n<li>Acute Abdomen<\/li>\n<li>Falling from a height<\/li>\n<li>Fatal Accidents, Dismemberment<\/li>\n<li>Meningitis, Encephalitis, Brain Abscess<\/li>\n<li>Electric Shock<\/li>\n<li>Serious Eye Injuries<\/li>\n<li>Shooting, Stabbing, Assault<\/li>\n<li>Drowning in Water<\/li>\n<li>Freezing, Cold Stroke<\/li>\n<li>Heat Stroke<\/li>\n<li>Severe Burns<\/li>\n<li>Acute Massive Bleeding<\/li>\n<li>Spine and Lower Extremity Fractures<\/li>\n<li>Rape<\/li>\n<li>Decompression Sickness<\/li>\n<li>Acute Myocardial Infarction and Severe Rhythm Disorder Requiring Inpatient Treatment<\/li>\n<li>Sudden Strokes<\/li>\n<li>Ectopic Pregnancy Rupture<\/li>\n<li>Acute Renal Failure<\/li>\n<li>Animal Bites<\/li>\n<li>Diabetic and Uremic Coma<\/li>\n<\/ol>","protected":false},"excerpt":{"rendered":"<p>Sigortal\u0131lar\u0131n, ge\u00e7irdi\u011fi herhangi bir kaza veya hastal\u0131k sonucu yat\u0131\u015fl\u0131 veya yat\u0131\u015fs\u0131z yap\u0131lan m\u00fcdahalelerden do\u011fan masraflar\u0131 sadece yurti\u00e7inde de\u011fil d\u00fcnyan\u0131n neresinde olurlarsa olsunlar teminat alt\u0131na al\u0131n\u0131r. Kurumsal sa\u011fl\u0131k sigortas\u0131 paketleriyle, sa\u011flanan\u00a0sa\u011fl\u0131k sigortas\u0131 vergi avantaj\u0131n\u0131n\u00a0yan\u0131 s\u0131ra, d\u00fc\u015f\u00fck masraf ve y\u00fcksek kalite ile \u00e7al\u0131\u015fanlar\u0131n\u0131z\u0131n her zaman yan\u0131nday\u0131z. Sa\u011flik Sigortasinin Faydalari Sigortal\u0131lara diledikleri doktor ya da sa\u011fl\u0131k kurumunu se\u00e7me [&hellip;]<\/p>\n","protected":false},"author":2,"featured_media":0,"parent":0,"menu_order":12,"comment_status":"closed","ping_status":"closed","template":"","meta":{"_joinchat":[],"footnotes":""},"class_list":["post-7","page","type-page","status-publish","hentry"],"jetpack_sharing_enabled":true,"jetpack_likes_enabled":true,"_links":{"self":[{"href":"https:\/\/aktassigorta.net\/en\/wp-json\/wp\/v2\/pages\/7","targetHints":{"allow":["GET"]}}],"collection":[{"href":"https:\/\/aktassigorta.net\/en\/wp-json\/wp\/v2\/pages"}],"about":[{"href":"https:\/\/aktassigorta.net\/en\/wp-json\/wp\/v2\/types\/page"}],"author":[{"embeddable":true,"href":"https:\/\/aktassigorta.net\/en\/wp-json\/wp\/v2\/users\/2"}],"replies":[{"embeddable":true,"href":"https:\/\/aktassigorta.net\/en\/wp-json\/wp\/v2\/comments?post=7"}],"version-history":[{"count":0,"href":"https:\/\/aktassigorta.net\/en\/wp-json\/wp\/v2\/pages\/7\/revisions"}],"wp:attachment":[{"href":"https:\/\/aktassigorta.net\/en\/wp-json\/wp\/v2\/media?parent=7"}],"curies":[{"name":"wp","href":"https:\/\/api.w.org\/{rel}","templated":true}]}}