{"id":8,"date":"2013-09-16T10:53:18","date_gmt":"2013-09-16T07:53:18","guid":{"rendered":"https:\/\/aktassigorta.net\/?page_id=8"},"modified":"2021-04-25T15:50:16","modified_gmt":"2021-04-25T12:50:16","slug":"ferdi-kaza-sigortasi","status":"publish","type":"page","link":"https:\/\/aktassigorta.net\/en\/ferdi-kaza-sigortasi\/","title":{"rendered":"Personal Accident Insurance"},"content":{"rendered":"<p>Hayatta kar\u015f\u0131la\u015f\u0131labilece\u011finiz her t\u00fcrl\u00fc kazaya kar\u015f\u0131 i\u00e7iniz art\u0131k daha rahat!<\/p>\n<p>Ferdi Kaza Sigortas\u0131 ile kaza sonucu ya\u015fam kayb\u0131 durumunda sevdiklerinizin veya kal\u0131c\u0131 sakatl\u0131k durumunda sizin ve sevdiklerinizin maddi s\u0131k\u0131nt\u0131ya d\u00fc\u015fmesini engelleyebilirsiniz.<\/p>\n<p>Bu \u00fcr\u00fcn ile ayr\u0131ca kaza sonras\u0131ndaki s\u00fcre\u00e7te olu\u015fabilecek gelir kayb\u0131n\u0131z\u0131n, tedavi ve hastane masraflar\u0131n\u0131z\u0131n kar\u015f\u0131lanmas\u0131n\u0131 da sa\u011flayabilirsiniz.<\/p>\n<p>Siz de kaza sonucu olu\u015fabilecek olumsuz durumlara kar\u015f\u0131 \u00f6nleminizi \u015fimdiden almak istiyorsan\u0131z \u00fcr\u00fcn detaylar\u0131n\u0131 inceleyebilirsiniz.<\/p>\n<p><b>Bireysel Ferdi Kaza<\/b><\/p>\n<p>\"Ba\u015f\u0131ma bir \u015fey gelmez\" demeyin; Ferdi Kaza Sigortas\u0131 ile ba\u015f\u0131n\u0131za gelebilecek her t\u00fcrl\u00fc kazaya kar\u015f\u0131 kendinizi ve sevdiklerinizi g\u00fcvence alt\u0131na al\u0131n.<\/p>\n<p>18 ila 60 ya\u015f aras\u0131ndaysan\u0131z, Ferdi Kaza Sigortas\u0131\u2019ndan faydalanabilirsiniz.<\/p>\n<p>Sigorta s\u00fcresi 1 y\u0131ld\u0131r.<\/p>\n<p>Ferdi Kaza Sigortas\u0131\u2019n\u0131n ana teminatlar\u0131, kaza sonucu ya\u015fam kayb\u0131 ve kal\u0131c\u0131 sakatl\u0131k teminatlar\u0131d\u0131r.<br \/>\nEk teminatlarla kaza sonucu tedavi giderleri ve\/veya gelir kayb\u0131n\u0131z\u0131 da g\u00fcvence alt\u0131na alabilir, ayn\u0131 zamanda hastanede yatt\u0131\u011f\u0131n\u0131z s\u00fcre i\u00e7in g\u00fcndelik tazminat almay\u0131 tercih edebilirsiniz.<\/p>\n<p>Ferdi Kaza Sigortan\u0131z\u0131, 65 ya\u015f\u0131n\u0131za kadar otomatik olarak yenileyebilirsiniz. 60 ya\u015f\u0131n\u0131zdan itibaren teminat tutar\u0131nda art\u0131\u015f ger\u00e7ekle\u015fmez.<\/p>\n<p><b>Grup Ferdi Kaza<\/b><\/p>\n<p>\u00c7al\u0131\u015fanlar\u0131n\u0131z\u0131 kar\u015f\u0131la\u015fabilecekleri kazalara kar\u015f\u0131 Grup Ferdi Kaza Sigortas\u0131 ile g\u00fcvence alt\u0131na alabilirsiniz.\u00a0 Grup Ferdi Kaza Sigortas\u0131, \u00e7al\u0131\u015fanlar\u0131n\u0131z\u0131n bir y\u0131ll\u0131k sigorta s\u00fcresi boyunca kaza sonucu ya\u015fam kayb\u0131na u\u011framalar\u0131 durumunda sevdiklerine; sakatl\u0131klar\u0131 durumunda ise kendilerine ba\u015flang\u0131\u00e7 tarihinde belirlenen teminat tutar\u0131n\u0131n \u00f6dendi\u011fi \u00fcr\u00fcn\u00fcm\u00fczd\u00fcr.<\/p>\n<p>18 ila 65 ya\u015f aras\u0131ndaki \u00e7al\u0131\u015fanlar\u0131n\u0131za, Grup Ferdi Kaza Sigortas\u0131 yapt\u0131rabilirsiniz.<\/p>\n<p>Grup Ferdi Kaza Sigortas\u0131\u2019n\u0131n ana teminatlar\u0131, kaza sonucu ya\u015fam kayb\u0131 ve tam ve kal\u0131c\u0131 sakatl\u0131k teminatlar\u0131d\u0131r.<br \/>\nEk teminatlarla kaza sonucu tedavi giderlerinizi g\u00fcvence alt\u0131na alabilir, ayn\u0131 zamanda hastanede yatt\u0131\u011f\u0131n\u0131z s\u00fcre i\u00e7in g\u00fcndelik tazminat almay\u0131 tercih edebilirsiniz.<br \/>\nKaza sonucu ya\u015fam kayb\u0131 teminat tutar\u0131n\u0131, sigorta ba\u015flang\u0131\u00e7 tarihinde beklenti ve tercihlerinize g\u00f6re belirlersiniz.<\/p>\n<p>Primlerinizi pe\u015fin ya da taksitli olarak \u00f6deyebilirsiniz.<br \/>\n\u00d6deme tutar\u0131n\u0131z\u0131 TL, ABD dolar\u0131 veya avroya endeksli olarak belirleyebilirsiniz. \u00d6demeler, \u00f6deme tarihindeki TCMB d\u00f6viz al\u0131\u015f kuru \u00fczerinden TL olarak tahsil edilir.<br \/>\nSigorta ba\u015flang\u0131c\u0131nda belirlenen para birimi daha sonra de\u011fi\u015ftirilemez.<\/p>\n<h2><span style=\"font-size: 13px;\">\n<div class=\"wpcf7 no-js\" id=\"wpcf7-f166-o1\" lang=\"tr-TR\" dir=\"ltr\" data-wpcf7-id=\"166\">\n<div class=\"screen-reader-response\"><p role=\"status\" aria-live=\"polite\" aria-atomic=\"true\"><\/p> <ul><\/ul><\/div>\n<form action=\"\/en\/wp-json\/wp\/v2\/pages\/8#wpcf7-f166-o1\" method=\"post\" class=\"wpcf7-form init\" aria-label=\"\u0130leti\u015fim Formu\" novalidate=\"novalidate\" data-status=\"init\">\n<fieldset class=\"hidden-fields-container\"><input type=\"hidden\" name=\"_wpcf7\" value=\"166\" \/><input type=\"hidden\" name=\"_wpcf7_version\" value=\"6.1.5\" \/><input type=\"hidden\" name=\"_wpcf7_locale\" value=\"tr_TR\" \/><input type=\"hidden\" name=\"_wpcf7_unit_tag\" value=\"wpcf7-f166-o1\" \/><input type=\"hidden\" name=\"_wpcf7_container_post\" value=\"0\" \/><input type=\"hidden\" name=\"_wpcf7_posted_data_hash\" value=\"\" \/>\n<\/fieldset>\n<p><label> Ad\u0131n\u0131z Soyad\u0131n\u0131z<br \/>\n<span class=\"wpcf7-form-control-wrap\" data-name=\"your-name\"><input size=\"40\" maxlength=\"400\" class=\"wpcf7-form-control wpcf7-text wpcf7-validates-as-required\" autocomplete=\"name\" aria-required=\"true\" aria-invalid=\"false\" value=\"\" type=\"text\" name=\"your-name\" \/><\/span> <\/label>\n<\/p>\n<p><label> E-posta adresiniz<br \/>\n<span class=\"wpcf7-form-control-wrap\" data-name=\"your-email\"><input size=\"40\" maxlength=\"400\" class=\"wpcf7-form-control wpcf7-email wpcf7-validates-as-required wpcf7-text wpcf7-validates-as-email\" autocomplete=\"email\" aria-required=\"true\" aria-invalid=\"false\" value=\"\" type=\"email\" name=\"your-email\" \/><\/span> <\/label>\n<\/p>\n<p><label> Telefon numaran\u0131z<br \/>\n<span class=\"wpcf7-form-control-wrap\" data-name=\"your-phone\"><input size=\"40\" maxlength=\"400\" class=\"wpcf7-form-control wpcf7-tel wpcf7-text wpcf7-validates-as-tel\" aria-invalid=\"false\" value=\"\" type=\"tel\" name=\"your-phone\" \/><\/span> <\/label>\n<\/p>\n<p><label> Teklif almak istedi\u011finiz konu(lar)<br \/>\n<span class=\"wpcf7-form-control-wrap\" data-name=\"teklif-konulari\"><select class=\"wpcf7-form-control wpcf7-select wpcf7-validates-as-required\" aria-required=\"true\" aria-invalid=\"false\" multiple=\"multiple\" name=\"teklif-konulari[]\"><option value=\"Trafik Sigortas\u0131\">Trafik Sigortas\u0131<\/option><option value=\"Kasko\">Kasko<\/option><option value=\"Dask\">Dask<\/option><option value=\"Bireysel Emeklilik\">Bireysel Emeklilik<\/option><option value=\"Sa\u011fl\u0131k Sigortas\u0131\">Sa\u011fl\u0131k Sigortas\u0131<\/option><option value=\"Ferdi Kaza Sigortas\u0131\">Ferdi Kaza Sigortas\u0131<\/option><option value=\"Yang\u0131n Sigortas\u0131\">Yang\u0131n Sigortas\u0131<\/option><option value=\"Nakliyat Sigortas\u0131\">Nakliyat Sigortas\u0131<\/option><\/select><\/span> <\/label>\n<\/p>\n<p><label> Mesaj\u0131n\u0131z (tercihe ba\u011fl\u0131)<br \/>\n<span class=\"wpcf7-form-control-wrap\" data-name=\"your-message\"><textarea cols=\"40\" rows=\"10\" maxlength=\"2000\" class=\"wpcf7-form-control wpcf7-textarea\" aria-invalid=\"false\" name=\"your-message\"><\/textarea><\/span> <\/label>\n<\/p>\n<p><input class=\"wpcf7-form-control wpcf7-submit has-spinner\" type=\"submit\" value=\"G\u00f6nder\" \/>\n<\/p>\n<p>Bu form spami engellemek i\u00e7in Akismet kullan\u0131yor. <a target=\"_blank\" rel=\"nofollow noopener\" href=\"https:\/\/akismet.com\/privacy\/\">Verilerinizin nas\u0131l i\u015flendi\u011fini \u00f6\u011frenin.<\/a>\n<\/p><p style=\"display: none !important;\" class=\"akismet-fields-container\" data-prefix=\"_wpcf7_ak_\"><label>&#916;<textarea name=\"_wpcf7_ak_hp_textarea\" cols=\"45\" rows=\"8\" maxlength=\"100\"><\/textarea><\/label><input type=\"hidden\" id=\"ak_js_1\" name=\"_wpcf7_ak_js\" value=\"236\"\/><script type=\"text\/javascript\">\n\/* <![CDATA[ *\/\ndocument.getElementById( \"ak_js_1\" ).setAttribute( \"value\", ( new Date() ).getTime() );\n\/* ]]> *\/\n<\/script>\n<\/p><div class=\"wpcf7-response-output\" aria-hidden=\"true\"><\/div>\n<\/form>\n<\/div>\n<\/span><\/h2>\n","protected":false},"excerpt":{"rendered":"<p>Hayatta kar\u015f\u0131la\u015f\u0131labilece\u011finiz her t\u00fcrl\u00fc kazaya kar\u015f\u0131 i\u00e7iniz art\u0131k daha rahat! Ferdi Kaza Sigortas\u0131 ile kaza sonucu ya\u015fam kayb\u0131 durumunda sevdiklerinizin veya kal\u0131c\u0131 sakatl\u0131k durumunda sizin ve sevdiklerinizin maddi s\u0131k\u0131nt\u0131ya d\u00fc\u015fmesini engelleyebilirsiniz. Bu \u00fcr\u00fcn ile ayr\u0131ca kaza sonras\u0131ndaki s\u00fcre\u00e7te olu\u015fabilecek gelir kayb\u0131n\u0131z\u0131n, tedavi ve hastane masraflar\u0131n\u0131z\u0131n kar\u015f\u0131lanmas\u0131n\u0131 da sa\u011flayabilirsiniz. Siz de kaza sonucu olu\u015fabilecek olumsuz durumlara [&hellip;]<\/p>\n","protected":false},"author":2,"featured_media":0,"parent":0,"menu_order":13,"comment_status":"closed","ping_status":"closed","template":"","meta":{"_joinchat":[],"footnotes":""},"class_list":["post-8","page","type-page","status-publish","hentry"],"jetpack_sharing_enabled":true,"jetpack_likes_enabled":true,"_links":{"self":[{"href":"https:\/\/aktassigorta.net\/en\/wp-json\/wp\/v2\/pages\/8","targetHints":{"allow":["GET"]}}],"collection":[{"href":"https:\/\/aktassigorta.net\/en\/wp-json\/wp\/v2\/pages"}],"about":[{"href":"https:\/\/aktassigorta.net\/en\/wp-json\/wp\/v2\/types\/page"}],"author":[{"embeddable":true,"href":"https:\/\/aktassigorta.net\/en\/wp-json\/wp\/v2\/users\/2"}],"replies":[{"embeddable":true,"href":"https:\/\/aktassigorta.net\/en\/wp-json\/wp\/v2\/comments?post=8"}],"version-history":[{"count":0,"href":"https:\/\/aktassigorta.net\/en\/wp-json\/wp\/v2\/pages\/8\/revisions"}],"wp:attachment":[{"href":"https:\/\/aktassigorta.net\/en\/wp-json\/wp\/v2\/media?parent=8"}],"curies":[{"name":"wp","href":"https:\/\/api.w.org\/{rel}","templated":true}]}}